{"id":7719,"date":"2025-06-04T12:46:19","date_gmt":"2025-06-04T12:46:19","guid":{"rendered":"https:\/\/aquahealthproducts.com\/?post_type=product&#038;p=7719"},"modified":"2026-03-21T15:43:01","modified_gmt":"2026-03-21T15:43:01","slug":"coldstream-max-filtre","status":"publish","type":"product","link":"https:\/\/aquahealthproducts.com\/fr\/produit\/coldstream-max-filtre\/","title":{"rendered":"Coldstream MAX Filtre de remplacement"},"content":{"rendered":"<p data-start=\"694\" data-end=\"1101\">Le <strong>filtre de rechange Coldstream MAX<\/strong> est une cartouche de haute performance con\u00e7ue pour assurer une filtration continue, efficace et durable de votre eau potable.<\/p>\n<p>Le <strong data-start=\"43\" data-end=\"61\">Coldstream MAX<\/strong> <strong>filtre plus de 200 contaminants<\/strong> gr\u00e2ce \u00e0 sa technologie de filtration avanc\u00e9e et peut m\u00eame <strong>transformer une source d&rsquo;eau non potable en eau s\u00e9curitaire<\/strong>.<\/p>\n<ul data-start=\"143\" data-end=\"709\">\n<li class=\"\" data-start=\"143\" data-end=\"358\">\n<p class=\"\" data-start=\"145\" data-end=\"358\"><strong data-start=\"145\" data-end=\"173\">Noyau interne en bloc de charbon actif <\/strong>: Filtre les mauvais go\u00fbts et odeurs les contaminants chimiques, les m\u00e9taux lourds tels que le plomb, les r\u00e9sidus pharmaceutiques, les pesticides et herbicides, ainsi que les PFAS (polluants \u00e9ternels) pour une eau plus propre et plus s\u00fbre.<\/p>\n<\/li>\n<li class=\"\" data-start=\"359\" data-end=\"496\">\n<p class=\"\" data-start=\"361\" data-end=\"496\"><strong data-start=\"361\" data-end=\"403\">Couche ext\u00e9rieure en c\u00e9ramique <\/strong>: Offre une protection contre les virus et les bact\u00e9ries et filtre les particules fines incluant les microplastiques.<\/p>\n<\/li>\n<\/ul>\n<p class=\"\" data-start=\"711\" data-end=\"916\">Les min\u00e9raux essentiels tels que le calcium, le magn\u00e9sium, les sels min\u00e9raux et les \u00e9lectrolytes sont conserv\u00e9s tout au long du processus de filtration, garantissant une eau plus saine et au meilleur go\u00fbt.<\/p>\n","protected":false},"excerpt":{"rendered":"<p data-start=\"230\" data-end=\"655\">Le <strong>Filtre de remplacement Coldstream MAX<\/strong> est compatible avec votre syst\u00e8me <strong> Coldstream MAX Sous-\u00c9vier<\/strong>, afin de garantir une eau purifi\u00e9e et un meilleur go\u00fbt directement depuis votre robinet.<\/p>\n<p class=\"\" data-start=\"230\" data-end=\"655\">Il filtre plusieurs contaminants tout en pr\u00e9servant les min\u00e9raux essentiels: bact\u00e9ries, virus, m\u00e9taux lourds et produits chimiques, microplastiques.<\/p>\n","protected":false},"featured_media":7720,"template":"","meta":{"_acf_changed":false,"_monsterinsights_skip_tracking":false,"_monsterinsights_sitenote_active":false,"_monsterinsights_sitenote_note":"","_monsterinsights_sitenote_category":0},"product_brand":[172],"product_cat":[39],"product_tag":[175],"class_list":{"0":"post-7719","1":"product","2":"type-product","3":"status-publish","4":"has-post-thumbnail","6":"product_brand-coldstream","7":"product_cat-filtres-de-rechange","8":"product_tag-coldstream","10":"first","11":"instock","12":"taxable","13":"shipping-taxable","14":"purchasable","15":"product-type-simple"},"acf":[],"_links":{"self":[{"href":"https:\/\/aquahealthproducts.com\/fr\/wp-json\/wp\/v2\/product\/7719","targetHints":{"allow":["GET"]}}],"collection":[{"href":"https:\/\/aquahealthproducts.com\/fr\/wp-json\/wp\/v2\/product"}],"about":[{"href":"https:\/\/aquahealthproducts.com\/fr\/wp-json\/wp\/v2\/types\/product"}],"wp:featuredmedia":[{"embeddable":true,"href":"https:\/\/aquahealthproducts.com\/fr\/wp-json\/wp\/v2\/media\/7720"}],"wp:attachment":[{"href":"https:\/\/aquahealthproducts.com\/fr\/wp-json\/wp\/v2\/media?parent=7719"}],"wp:term":[{"taxonomy":"product_brand","embeddable":true,"href":"https:\/\/aquahealthproducts.com\/fr\/wp-json\/wp\/v2\/product_brand?post=7719"},{"taxonomy":"product_cat","embeddable":true,"href":"https:\/\/aquahealthproducts.com\/fr\/wp-json\/wp\/v2\/product_cat?post=7719"},{"taxonomy":"product_tag","embeddable":true,"href":"https:\/\/aquahealthproducts.com\/fr\/wp-json\/wp\/v2\/product_tag?post=7719"}],"curies":[{"name":"wp","href":"https:\/\/api.w.org\/{rel}","templated":true}]}}